{"id":29003,"date":"2023-01-02T21:57:01","date_gmt":"2023-01-02T20:57:01","guid":{"rendered":"https:\/\/oplc.ch\/?page_id=29003"},"modified":"2023-02-19T01:48:40","modified_gmt":"2023-02-19T00:48:40","slug":"alain-haut","status":"publish","type":"page","link":"https:\/\/oplc.ch\/en\/alain-haut\/","title":{"rendered":"ALAIN HAUT"},"content":{"rendered":"<p>[et_pb_section fb_built=\u00a0\u00bb1&Prime; admin_label=\u00a0\u00bbsection\u00a0\u00bb _builder_version=\u00a0\u00bb4.16&Prime; custom_padding=\u00a0\u00bb0px|0px|0px|0px\u00a0\u00bb transparent_background=\u00a0\u00bboff\u00a0\u00bb make_fullwidth=\u00a0\u00bboff\u00a0\u00bb use_custom_width=\u00a0\u00bboff\u00a0\u00bb width_unit=\u00a0\u00bboff\u00a0\u00bb custom_width_px=\u00a0\u00bb1080px\u00a0\u00bb custom_width_percent=\u00a0\u00bb80%\u00a0\u00bb global_colors_info=\u00a0\u00bb{}\u00a0\u00bb][et_pb_row column_structure=\u00a0\u00bb2_5,3_5&Prime; _builder_version=\u00a0\u00bb4.19.4&Prime; _module_preset=\u00a0\u00bbdefault\u00a0\u00bb global_colors_info=\u00a0\u00bb{}\u00a0\u00bb][et_pb_column type=\u00a0\u00bb2_5&Prime; _builder_version=\u00a0\u00bb4.19.4&Prime; _module_preset=\u00a0\u00bbdefault\u00a0\u00bb global_colors_info=\u00a0\u00bb{}\u00a0\u00bb][et_pb_image src=\u00a0\u00bbhttps:\/\/oplc.ch\/wp-content\/uploads\/2023\/01\/photo-alain-haut-rond_orig.jpg\u00a0\u00bb title_text=\u00a0\u00bbphoto-alain-haut-rond_orig\u00a0\u00bb _builder_version=\u00a0\u00bb4.19.4&Prime; _module_preset=\u00a0\u00bbdefault\u00a0\u00bb custom_padding=\u00a0\u00bb|20px|||false|false\u00a0\u00bb global_colors_info=\u00a0\u00bb{}\u00a0\u00bb][\/et_pb_image][et_pb_text _builder_version=\u00a0\u00bb4.19.4&Prime; _module_preset=\u00a0\u00bbdefault\u00a0\u00bb custom_padding=\u00a0\u00bb|||30px|false|false\u00a0\u00bb global_colors_info=\u00a0\u00bb{}\u00a0\u00bb]<\/p>\n<p style=\"text-align: left;\">Pour contacter Alain Haut :<\/p>\n<p style=\"text-align: left;\">+41 79 659 33 95 <br \/>alain.haut@oplc.ch<\/p>\n<p>[\/et_pb_text][\/et_pb_column][et_pb_column type=\u00a0\u00bb3_5&Prime; _builder_version=\u00a0\u00bb4.19.4&Prime; _module_preset=\u00a0\u00bbdefault\u00a0\u00bb global_colors_info=\u00a0\u00bb{}\u00a0\u00bb][et_pb_text _builder_version=\u00a0\u00bb4.19.4&Prime; _module_preset=\u00a0\u00bbdefault\u00a0\u00bb custom_padding=\u00a0\u00bb50px||50px||false|false\u00a0\u00bb global_colors_info=\u00a0\u00bb{}\u00a0\u00bb]<\/p>\n<h1>Alain Haut<\/h1>\n<h3>Associ\u00e9 G\u00e9rant<\/h3>\n<p>&nbsp;<\/p>\n<p><span style=\"font-size: 15px;\">Alain Haut poss\u00e8de une Ma\u00eetrise en Economie et Sciences Sociales des Facult\u00e9s Universitaires Notre-Dame de la Paix \u00e0 Namur (Belgique), poursuivie par des \u00e9tudes post-grade en Administration des Affaires \u00e0 l\u2019Universit\u00e9 de Warwick (Royaume-Uni). Il a re\u00e7u un titre de Docteur (Honoris Causa) en Administration des Affaires de la Haute Ecole Suisse d\u2019Education de Montreux (Suisse). <\/span><\/p>\n<p>Avant d\u2019entrer dans les domaines du conseil en entreprises et de l\u2019enseignement sup\u00e9rieur, Alain Haut a poursuivi une carri\u00e8re de 35 ans dans les affaires, avec des responsabilit\u00e9s internationales de plus en plus larges, d\u2019abord dans l\u2019industrie chez Federal-Mogul, Valenite et GTE, et ensuite dans la pharmacie et les biotechnologies chez Serono, Covance et Ipsen. Dans ces deux derni\u00e8res soci\u00e9t\u00e9s, il \u00e9tait le plus haut responsable des Ressources Humaines reportant directement au Pr\u00e9sident du groupe.<\/p>\n<p>Dans toutes ces positions de gestion des Ressources Humaines, l\u2019effort prioritaire d\u2019Alain a \u00e9t\u00e9 d\u2019\u00eatre un partenaire favori et int\u00e9gr\u00e9 dans la strat\u00e9gie des affaires et la gestion des soci\u00e9t\u00e9s pour lesquelles il a travaill\u00e9. Alain a aussi l\u2019exp\u00e9rience de positions en Qualit\u00e9, Gestion de Projets, Gestion des Equipements et Direction G\u00e9n\u00e9rale. Alain a v\u00e9cu et travaill\u00e9 en Belgique, Royaume-Uni, Suisse, Etats-Unis, France et Gr\u00e8ce.<\/p>\n<p>Coach et gestionnaire de transition certifi\u00e9s, Alain conseille des les domaines de la Gestion de la performance, Leadership, Gestion du Changement, Gestion interculturelle de m\u00eame que dans tous les domaines li\u00e9s \u00e0 la Gestion des Ressources Humaines, sp\u00e9cifiquement la Gestion des Talents, l\u2019Evaluation et le Recrutement des Cadres.<\/p>\n<p>Du point de vue des hautes \u00e9tudes acad\u00e9miques, Professeur (Associ\u00e9\/Visiteur) Haut enseigne la Gestion des Affaires Internationales, le Leadership, la Gestion des Ressources Humaines de m\u00eame que la Gestion interculturelle dans six Grandes Ecoles de Commerce priv\u00e9es en Suisse, France et Ukraine. Alain a servi comme auditeur repr\u00e9sentant le point de vue des entreprises pour EQUIS et EPAS, les accr\u00e9ditations de l\u2019EFMD des grandes \u00e9coles de commerce.<\/p>\n<p>Depuis de nombreuses ann\u00e9es, Alain Haut arbitre dans les ligues junior et est un officiel de table au plus haut niveau de basketball en Suisse.<\/p>\n<p>[\/et_pb_text][\/et_pb_column][\/et_pb_row][\/et_pb_section]<\/p>\n","protected":false},"excerpt":{"rendered":"<p>Pour contacter Alain Haut : +41 79 659 33 95 alain.haut@oplc.chAlain Haut Associ\u00e9 G\u00e9rant &nbsp; Alain Haut poss\u00e8de une Ma\u00eetrise en Economie et Sciences Sociales des Facult\u00e9s Universitaires Notre-Dame de la Paix \u00e0 Namur (Belgique), poursuivie par des \u00e9tudes post-grade en Administration des Affaires \u00e0 l\u2019Universit\u00e9 de Warwick (Royaume-Uni). Il a re\u00e7u un titre de [&hellip;]<\/p>\n","protected":false},"author":1,"featured_media":0,"parent":0,"menu_order":0,"comment_status":"closed","ping_status":"closed","template":"","meta":{"_et_pb_use_builder":"on","_et_pb_old_content":"","_et_gb_content_width":"","footnotes":""},"class_list":["post-29003","page","type-page","status-publish","hentry"],"_links":{"self":[{"href":"https:\/\/oplc.ch\/en\/wp-json\/wp\/v2\/pages\/29003","targetHints":{"allow":["GET"]}}],"collection":[{"href":"https:\/\/oplc.ch\/en\/wp-json\/wp\/v2\/pages"}],"about":[{"href":"https:\/\/oplc.ch\/en\/wp-json\/wp\/v2\/types\/page"}],"author":[{"embeddable":true,"href":"https:\/\/oplc.ch\/en\/wp-json\/wp\/v2\/users\/1"}],"replies":[{"embeddable":true,"href":"https:\/\/oplc.ch\/en\/wp-json\/wp\/v2\/comments?post=29003"}],"version-history":[{"count":4,"href":"https:\/\/oplc.ch\/en\/wp-json\/wp\/v2\/pages\/29003\/revisions"}],"predecessor-version":[{"id":29196,"href":"https:\/\/oplc.ch\/en\/wp-json\/wp\/v2\/pages\/29003\/revisions\/29196"}],"wp:attachment":[{"href":"https:\/\/oplc.ch\/en\/wp-json\/wp\/v2\/media?parent=29003"}],"curies":[{"name":"wp","href":"https:\/\/api.w.org\/{rel}","templated":true}]}}