{"id":28992,"date":"2023-01-02T18:42:44","date_gmt":"2023-01-02T17:42:44","guid":{"rendered":"https:\/\/oplc.ch\/?page_id=28992"},"modified":"2023-02-18T23:34:58","modified_gmt":"2023-02-18T22:34:58","slug":"john-howells","status":"publish","type":"page","link":"https:\/\/oplc.ch\/en\/john-howells\/","title":{"rendered":"JOHN HOWELLS"},"content":{"rendered":"<p>[et_pb_section fb_built=\u00a0\u00bb1&Prime; admin_label=\u00a0\u00bbsection\u00a0\u00bb _builder_version=\u00a0\u00bb4.16&Prime; custom_padding=\u00a0\u00bb0px|0px|0px|0px\u00a0\u00bb transparent_background=\u00a0\u00bboff\u00a0\u00bb make_fullwidth=\u00a0\u00bboff\u00a0\u00bb use_custom_width=\u00a0\u00bboff\u00a0\u00bb width_unit=\u00a0\u00bboff\u00a0\u00bb custom_width_px=\u00a0\u00bb1080px\u00a0\u00bb custom_width_percent=\u00a0\u00bb80%\u00a0\u00bb global_colors_info=\u00a0\u00bb{}\u00a0\u00bb][et_pb_row column_structure=\u00a0\u00bb2_5,3_5&Prime; _builder_version=\u00a0\u00bb4.19.4&Prime; _module_preset=\u00a0\u00bbdefault\u00a0\u00bb global_colors_info=\u00a0\u00bb{}\u00a0\u00bb][et_pb_column type=\u00a0\u00bb2_5&Prime; _builder_version=\u00a0\u00bb4.19.4&Prime; _module_preset=\u00a0\u00bbdefault\u00a0\u00bb global_colors_info=\u00a0\u00bb{}\u00a0\u00bb][et_pb_image src=\u00a0\u00bbhttps:\/\/oplc.ch\/wp-content\/uploads\/2023\/01\/photo-john-howells-rond_orig.jpg\u00a0\u00bb title_text=\u00a0\u00bbphoto-john-howells-rond_orig\u00a0\u00bb _builder_version=\u00a0\u00bb4.19.4&Prime; _module_preset=\u00a0\u00bbdefault\u00a0\u00bb custom_padding=\u00a0\u00bb|20px|||false|false\u00a0\u00bb global_colors_info=\u00a0\u00bb{}\u00a0\u00bb][\/et_pb_image][et_pb_text _builder_version=\u00a0\u00bb4.19.4&Prime; _module_preset=\u00a0\u00bbdefault\u00a0\u00bb custom_padding=\u00a0\u00bb|||30px|false|false\u00a0\u00bb global_colors_info=\u00a0\u00bb{}\u00a0\u00bb]<\/p>\n<p style=\"text-align: left;\">Pour contacter John Howells :<\/p>\n<p style=\"text-align: left;\">+41 79 773 90 26<br \/>john.howells@oplc.ch<\/p>\n<p>[\/et_pb_text][\/et_pb_column][et_pb_column type=\u00a0\u00bb3_5&Prime; _builder_version=\u00a0\u00bb4.19.4&Prime; _module_preset=\u00a0\u00bbdefault\u00a0\u00bb global_colors_info=\u00a0\u00bb{}\u00a0\u00bb][et_pb_text _builder_version=\u00a0\u00bb4.19.4&Prime; _module_preset=\u00a0\u00bbdefault\u00a0\u00bb custom_padding=\u00a0\u00bb50px||50px||false|false\u00a0\u00bb global_colors_info=\u00a0\u00bb{}\u00a0\u00bb]<\/p>\n<h1>John Howells<\/h1>\n<h3>Associ\u00e9 S\u00e9nior<\/h3>\n<p>&nbsp;<\/p>\n<p>John Howells, citoyen Suisse d\u2019origine Am\u00e9ricaine, est l\u2019exemple m\u00eame des m\u00e9thodes de formation vocationnelles et de la formation interne du syst\u00e8me bancaire Suisse : il a commenc\u00e9 son apprentissage \u00e0 l\u2019\u00e2ge de 15 ans et est devenu Directeur Ex\u00e9cutif \u00e0 l\u2019\u00e2ge de 44 ans \u00e0 l\u2019UBS, la plus grande banque Suisse, o\u00f9 il a eu une carri\u00e8re de 42 ans.<\/p>\n<p>Parmi ses nombreuse missions (responsable d\u2019agence, conseiller dans la banque de d\u00e9tail, conseiller dans la banque priv\u00e9e, directeur de ventes, conseiller \u00e0 la client\u00e8le internationale, g\u00e9rant des risques), John a donc travaill\u00e9 dans les divisions \u00ab d\u00e9tail \u00bb et \u00ab priv\u00e9e \u00bb de la Banque, dans des r\u00f4les op\u00e9rationnels et commerciaux, de m\u00eame que conseiller pour les interm\u00e9diaires financiers globaux et la gestion des risques\/adh\u00e9rence aux bonnes r\u00e8gles. Il a aussi pass\u00e9 quelques ann\u00e9es dans le d\u00e9partement central de formation.<\/p>\n<p>Cadre financier exp\u00e9riment\u00e9 avec des postes \u00e0 la fois dans les march\u00e9s domestique Suisse et \u00e9trangers, la carri\u00e8re de John s\u2019est d\u00e9roul\u00e9e alternativement dans des positions de contributeur individuel et de gestion de d\u00e9partements avec des responsabilit\u00e9s de supervision et de centres de profit, plus particuli\u00e8rement dans les temps troubl\u00e9s de restriction d\u2019attraction et r\u00e9tention de comptes \u00e9trangers dans les banques Suisses apr\u00e8s 2010.<\/p>\n<p>En parall\u00e8le \u00e0 ses activit\u00e9s professionnelles, John, entre 2001 et 2010, a \u00e9t\u00e9 \u00e9lu Municipal (\u00e9chevin, adjoint au maire) \u00e0 la commune de Vich pr\u00e8s de Nyon, et membre du conseil d\u2019administration de la soci\u00e9t\u00e9 r\u00e9gionale de production d\u2019\u00e9nergie \u00e9lectrique.<\/p>\n<p>Trilingue (Fran\u00e7ais, Allemand, Anglais), John est reconnu comme n\u00e9gociateur comp\u00e9tent, avec un excellent esprit d\u2019\u00e9quipe, avec un mod\u00e8le d\u2019\u00e9thique \u00e9prouv\u00e9, et une expertise dans l\u2019utilisation des techniques digitales.<\/p>\n<p>Apr\u00e8s une carri\u00e8re de 42 ans dans la banque, John a d\u00e9cid\u00e9 de prendre une pr\u00e9-retraite et est devenu un coach accr\u00e9dit\u00e9 par l\u2019ICF : il partage son temps entre le d\u00e9veloppement et l\u2019\u00e9ducation au sens le plus large possible et des responsabilit\u00e9s de conformit\u00e9s l\u00e9gale et r\u00e9glementaire et des si\u00e8ges d\u2019administrateurs aupr\u00e8s d\u2019organisations ind\u00e9pendantes de gestion d\u2019actifs.<\/p>\n<p>[\/et_pb_text][\/et_pb_column][\/et_pb_row][\/et_pb_section]<\/p>\n","protected":false},"excerpt":{"rendered":"<p>Pour contacter John Howells : +41 79 773 90 26john.howells@oplc.chJohn Howells Associ\u00e9 S\u00e9nior &nbsp; John Howells, citoyen Suisse d\u2019origine Am\u00e9ricaine, est l\u2019exemple m\u00eame des m\u00e9thodes de formation vocationnelles et de la formation interne du syst\u00e8me bancaire Suisse : il a commenc\u00e9 son apprentissage \u00e0 l\u2019\u00e2ge de 15 ans et est devenu Directeur Ex\u00e9cutif \u00e0 l\u2019\u00e2ge [&hellip;]<\/p>\n","protected":false},"author":1,"featured_media":0,"parent":0,"menu_order":0,"comment_status":"closed","ping_status":"closed","template":"","meta":{"_et_pb_use_builder":"on","_et_pb_old_content":"","_et_gb_content_width":"","footnotes":""},"class_list":["post-28992","page","type-page","status-publish","hentry"],"_links":{"self":[{"href":"https:\/\/oplc.ch\/en\/wp-json\/wp\/v2\/pages\/28992","targetHints":{"allow":["GET"]}}],"collection":[{"href":"https:\/\/oplc.ch\/en\/wp-json\/wp\/v2\/pages"}],"about":[{"href":"https:\/\/oplc.ch\/en\/wp-json\/wp\/v2\/types\/page"}],"author":[{"embeddable":true,"href":"https:\/\/oplc.ch\/en\/wp-json\/wp\/v2\/users\/1"}],"replies":[{"embeddable":true,"href":"https:\/\/oplc.ch\/en\/wp-json\/wp\/v2\/comments?post=28992"}],"version-history":[{"count":6,"href":"https:\/\/oplc.ch\/en\/wp-json\/wp\/v2\/pages\/28992\/revisions"}],"predecessor-version":[{"id":29192,"href":"https:\/\/oplc.ch\/en\/wp-json\/wp\/v2\/pages\/28992\/revisions\/29192"}],"wp:attachment":[{"href":"https:\/\/oplc.ch\/en\/wp-json\/wp\/v2\/media?parent=28992"}],"curies":[{"name":"wp","href":"https:\/\/api.w.org\/{rel}","templated":true}]}}